{"id":246,"date":"2021-12-10T12:29:25","date_gmt":"2021-12-10T11:29:25","guid":{"rendered":"https:\/\/projetdeveloppement.com\/?page_id=246"},"modified":"2022-01-03T14:11:45","modified_gmt":"2022-01-03T13:11:45","slug":"services","status":"publish","type":"page","link":"https:\/\/projetdeveloppement.com\/index.php\/services\/","title":{"rendered":"Nos services"},"content":{"rendered":"<p><a href=\"#\" role=\"button\"><br>\n\t\t\t\t\t\tCliquez ici<br>\n\t\t\t\t\t<\/a><\/p>\n\n\n<p><em><strong>Le d\u00e9veloppement des projets \u00e0 impact, les projets de d\u00e9veloppements<\/strong><\/em><\/p>\n\n\n<h1>nos services<\/h1>\n<p>\t\t\t\t\t\t\t\t\t\t\t\t\t\t\t<img decoding=\"async\" width=\"789\" height=\"485\" src=\"https:\/\/projetdeveloppement.com\/wp-content\/uploads\/2021\/12\/ServicesPage-Hero.jpg\" alt=\"\" loading=\"lazy\" srcset=\"https:\/\/projetdeveloppement.com\/wp-content\/uploads\/2021\/12\/ServicesPage-Hero.jpg 789w, https:\/\/projetdeveloppement.com\/wp-content\/uploads\/2021\/12\/ServicesPage-Hero-300x184.jpg 300w, https:\/\/projetdeveloppement.com\/wp-content\/uploads\/2021\/12\/ServicesPage-Hero-768x472.jpg 768w\" sizes=\"auto, (max-width: 789px) 100vw, 789px\"><br>\n\t\t\t\t<svg xmlns=\"http:\/\/www.w3.org\/2000\/svg\" id=\"fe13ca32-8573-4829-af92-40511e89572e\" data-name=\"Layer 1\" width=\"41.75\" height=\"38.0225\" viewBox=\"0 0 41.75 38.0225\"><path d=\"M1,10.25A.75.75,0,0,0,.25,11V37.2725a.75.75,0,0,0,1.5,0V11A.75.75,0,0,0,1,10.25Z\" transform=\"translate(-0.25)\"><\/path><path d=\"M39.6522,14.087h-2.93a13.2507,13.2507,0,0,0-.9579-2.315l2.07-2.07a2.3514,2.3514,0,0,0,0-3.3222L35.6194,4.165a2.4069,2.4069,0,0,0-3.3214,0l-2.07,2.07a13.2788,13.2788,0,0,0-2.315-.9578V2.3478A2.3506,2.3506,0,0,0,25.5652,0h-3.13A2.3506,2.3506,0,0,0,20.087,2.3478v2.93a13.3049,13.3049,0,0,0-2.315.9579l-2.0708-2.07a2.3514,2.3514,0,0,0-3.3214,0L10.1642,6.3806a2.3529,2.3529,0,0,0,0,3.3214l2.07,2.0708a13.2792,13.2792,0,0,0-.9579,2.315H8.3478A2.3506,2.3506,0,0,0,6,16.4355v3.13a2.35,2.35,0,0,0,2.3478,2.347h2.93a13.3049,13.3049,0,0,0,.9579,2.315l-2.07,2.0708a2.3514,2.3514,0,0,0,0,3.3214l2.2148,2.2156a2.3529,2.3529,0,0,0,3.3214,0l2.0708-2.07a13.2792,13.2792,0,0,0,2.315.9579v2.9286A2.3506,2.3506,0,0,0,22.4355,36h3.13a2.3507,2.3507,0,0,0,2.3478-2.3478v-2.93a13.2792,13.2792,0,0,0,2.315-.9579l2.07,2.0708a2.4076,2.4076,0,0,0,3.3214,0L37.835,29.62a2.35,2.35,0,0,0,0-3.3214l-2.07-2.0708a13.287,13.287,0,0,0,.9579-2.315h2.9293A2.3506,2.3506,0,0,0,42,19.5652v-3.13A2.3506,2.3506,0,0,0,39.6522,14.087Zm.7826,5.4782a.7833.7833,0,0,1-.7826.7826H36.13a.7829.7829,0,0,0-.7575.587,11.7649,11.7649,0,0,1-1.2553,3.03.7836.7836,0,0,0,.12.9509l2.4887,2.4895a.786.786,0,0,1,0,1.1081L34.512,30.7283a.8059.8059,0,0,1-1.1082,0L30.9152,28.24a.7838.7838,0,0,0-.9517-.12,11.7215,11.7215,0,0,1-3.0295,1.2546.7814.7814,0,0,0-.5862.7567v3.5218a.7834.7834,0,0,1-.7826.7826h-3.13a.7838.7838,0,0,1-.7826-.7826V30.13a.7829.7829,0,0,0-.587-.7575,11.7315,11.7315,0,0,1-3.03-1.2546.7831.7831,0,0,0-.9517.1206l-2.4887,2.4886a.7848.7848,0,0,1-1.1081,0l-2.2148-2.2147a.7835.7835,0,0,1,0-1.1082L13.76,24.9159a.7819.7819,0,0,0,.12-.9509,11.7493,11.7493,0,0,1-1.2546-3.03.7813.7813,0,0,0-.7567-.587H8.3478a.7838.7838,0,0,1-.7826-.7826v-3.13a.7838.7838,0,0,1,.7826-.7826H11.87a.7829.7829,0,0,0,.7575-.587,11.7315,11.7315,0,0,1,1.2546-3.03.7815.7815,0,0,0-.1206-.9509L11.2725,8.5954a.7849.7849,0,0,1,0-1.1082l2.2147-2.2147a.7842.7842,0,0,1,1.1082,0l2.4887,2.4886a.7806.7806,0,0,0,.9509.1206,11.7493,11.7493,0,0,1,3.03-1.2546.7829.7829,0,0,0,.587-.7575V2.3478a.7838.7838,0,0,1,.7826-.7826h3.13a.7834.7834,0,0,1,.7826.7826V5.87a.7829.7829,0,0,0,.587.7575,11.7208,11.7208,0,0,1,3.0294,1.2546.7814.7814,0,0,0,.9517-.1206l2.4887-2.4886a.8035.8035,0,0,1,1.1082,0l2.2147,2.2147a.7858.7858,0,0,1,0,1.1082l-2.4886,2.4887a.7829.7829,0,0,0-.1206.9509,11.7514,11.7514,0,0,1,1.2554,3.03.7813.7813,0,0,0,.7567.587h3.5218a.7833.7833,0,0,1,.7826.7826Z\" transform=\"translate(-0.25)\"><\/path><path d=\"M24,11a7,7,0,1,0,7,7A7.0086,7.0086,0,0,0,24,11Zm0,12.4445A5.4445,5.4445,0,1,1,29.4445,18,5.4505,5.4505,0,0,1,24,23.4445Z\" transform=\"translate(-0.25)\"><\/path><\/svg>\t\t\t\t<\/p>\n<h2>\n\t\t\t\t\t\toutils de gestion de projet<br>\n\t\t\t\t<\/h2>\n<p>R\u00e9unions de cadrage<br>D\u00e9finir la strat\u00e9gie<br>Analyse de l&#8217;environnement<br>Business plan<br>Outils de suivi-\u00e9valuation d&#8217;activit\u00e9s de projets<br>Manuels de proc\u00e9dures<br>Etudes de cadre r\u00e9glementaires<br>Etudes d&#8217;opportunit\u00e9s<br>Etudes d&#8217;impact\t\t\t\t\t<\/p>\n<p>\t\t\t\t<svg xmlns=\"http:\/\/www.w3.org\/2000\/svg\" id=\"f67e73a4-1e7e-4efd-81eb-ab0fe16bdca1\" data-name=\"Layer 1\" width=\"36\" height=\"42.7498\" viewBox=\"0 0 36 42.7498\"><path d=\"M7,19.668a.7485.7485,0,0,0,.5117-.2017L26.7266,1.5483A.75.75,0,1,0,25.7031.4517L6.4883,18.37A.75.75,0,0,0,7,19.668Z\" transform=\"translate(0 -0.2502)\"><\/path><path d=\"M35.6573,12.2505a.7818.7818,0,0,0-1.299-.32l-3.6465,3.6443L27.424,12.2877l3.6465-3.6462a.7811.7811,0,0,0-.32-1.2984,7.4832,7.4832,0,0,0-9.3411,9.5L8.537,29.7145a6.7556,6.7556,0,0,0-8.2265,8.54.7817.7817,0,0,0,1.299.32l3.194-3.1936,2.8142,2.8139L4.4238,41.3884a.7816.7816,0,0,0,.32,1.2989,6.754,6.754,0,0,0,8.5411-8.2256l12.8728-12.871a7.4839,7.4839,0,0,0,9.5-9.34Zm-2.9541,6.423a5.91,5.91,0,0,1-6.4465,1.2873.7809.7809,0,0,0-.8487.17L11.8454,33.69a.7822.7822,0,0,0-.1845.8125,5.2255,5.2255,0,0,1-1.22,5.41,5.1636,5.1636,0,0,1-3.8489,1.5187l2.6838-2.6835a.7806.7806,0,0,0,0-1.1051L5.3583,33.7228a.7812.7812,0,0,0-1.1052,0L1.5693,36.4064a5.1925,5.1925,0,0,1,6.9271-5.0683.7831.7831,0,0,0,.8126-.1844l13.56-13.5593a.7805.7805,0,0,0,.17-.8486A5.92,5.92,0,0,1,28.9232,8.58l-3.1574,3.1574a.7811.7811,0,0,0,0,1.1055l4.3934,4.3925a.7809.7809,0,0,0,1.1051,0l3.1578-3.157A5.9019,5.9019,0,0,1,32.7032,18.6735Z\" transform=\"translate(0 -0.2502)\"><\/path><\/svg>\t\t\t\t<\/p>\n<h2>\n\t\t\t\t\t\tFinancements \u00e9thiques<br>\n\t\t\t\t<\/h2>\n<p>La microfinance se doit d&#8217;\u00eatre une finance de proximit\u00e9 \u00e0 visage humaniste<br>La finance participative, une chance pour le d\u00e9veloppement des pays \u00e0 faible revenu<br>Mettre l&#8217;humain au coeur du d\u00e9veloppement\t\t\t\t\t<\/p>\n<p>\t\t\t\t<svg xmlns=\"http:\/\/www.w3.org\/2000\/svg\" id=\"a7a443ad-789d-41a7-a8e7-149a10fffbc6\" data-name=\"Layer 1\" width=\"28.1137\" height=\"29.75\" viewBox=\"0 0 28.1137 29.75\"><path d=\"M25.8751,17.0942a.8276.8276,0,0,0-.7659.8935c.0328.3327.05.6708.05,1.0124A10.5985,10.5985,0,0,1,14.3638,29.3636,10.5986,10.5986,0,0,1,3.5682,19,10.5986,10.5986,0,0,1,14.3638,8.6364a11.0769,11.0769,0,0,1,5.8215,1.6386.8741.8741,0,0,0,1.1783-.2466.8.8,0,0,0-.2567-1.1314A12.8405,12.8405,0,0,0,14.3638,7a12.2724,12.2724,0,0,0-12.5,12,12.2722,12.2722,0,0,0,12.5,12,12.2718,12.2718,0,0,0,12.5-12q0-.5923-.0578-1.1706A.8444.8444,0,0,0,25.8751,17.0942Z\" transform=\"translate(-0.75 -1.25)\"><\/path><path d=\"M28.6052,8.2461a.9146.9146,0,0,0-1.2483,0L15.0408,19.9717,10.37,15.5251a.9143.9143,0,0,0-1.2481,0,.8124.8124,0,0,0,0,1.1885l5.294,5.04a.9151.9151,0,0,0,1.2481.001l12.941-12.32A.8121.8121,0,0,0,28.6052,8.2461Z\" transform=\"translate(-0.75 -1.25)\"><\/path><path d=\"M28.5225,2a.75.75,0,0,0-.75-.75H1.5a.75.75,0,0,0,0,1.5H27.7725A.75.75,0,0,0,28.5225,2Z\" transform=\"translate(-0.75 -1.25)\"><\/path><\/svg>\t\t\t\t<\/p>\n<h2>\n\t\t\t\t\t\tFormations<br>\n\t\t\t\t<\/h2>\n<p>La formation, un instrument pour approfondir la connaissance.<br>Diverses formations en microfinance, en finance islamique sur des sujets aussi vari\u00e9s que la comptabilit\u00e9 des produits de la finance islamique, la gestion du risque pour les institutions de finance islamique, la structuration des produits de la finance islamique, cadres r\u00e9glementaires, benchmark\t\t\t\t\t<\/p>\n<h2>Des professionnels des projets de d\u00e9veloppement<\/h2>\n<h5>Une \u00e9quipe jeune et dynamique<\/h5>\n<p>Form\u00e9s dans les meilleures universit\u00e9s et business schools en Europe et Am\u00e9rique, nos experts parcourent les quatre coins du globe pour vous apporter le meilleur en accompagnements pour vos projets. Nos experts ont en g\u00e9n\u00e9ral des exp\u00e9riences de plus de 10 ans dans plusieurs pays en Europe, en Afrique, en Asie&#8230;.<\/p>\n<p>Nous sommes investis de la mission de transformer le monde gr\u00e2ce aux projets dans l&#8217;agriculture, l&#8217;\u00e9levage, la p\u00eache, le commerce , l&#8217;\u00e9nergie, l&#8217;environnement, la transformation num\u00e9rique, le digital&#8230;.Nous accompagnons des projets \u00e0 impact<\/p>\n<h2>Impacter les communaut\u00e9s<\/h2>\n<p>Notre accompagnement pour la mise en place des projets et leur gestion ont pour vue de transformer le cadre de vie des populations&nbsp;<\/p>\n<p>\t\t\t<a href=\"#\" role=\"button\"><br>\n\t\t\t\t\t<\/a><br>\n\t\t\t\tBesoin de conseils personnalis\u00e9s?<br>\n\t\t\t\t\t\tDemandez une consultation personnalis\u00e9e<br>\n\t\t\t\t\t<a href=\"#\"><br>\n\t\t\t\t\t\tcontactez nous \t\t\t\t\t<\/a><\/p>\n<p><b>DM Consulting:<\/b> <br>www.dmconsulting-france.com<\/p>\n<p><b>France:&nbsp; &nbsp; &nbsp; &nbsp; &nbsp; &nbsp; &nbsp; &nbsp; &nbsp; &nbsp; &nbsp; &nbsp; &nbsp; &nbsp; &nbsp; &nbsp; &nbsp; &nbsp; &nbsp; 36 rue de l&#8217;Alma&nbsp; &nbsp; &nbsp; &nbsp; &nbsp; &nbsp; &nbsp; &nbsp; &nbsp; 92400 Courbevoie<\/b>&nbsp;<\/p>\n<p><b>B\u00e9nin:<\/b><\/p>\n<p>Carr\u00e9 287 S\u00e8gb\u00e8ya Cotonou<\/p>\n<p>\t\t\t\t\t<a href=\"https:\/\/www.facebook.com\/DM-Consulting-Francecom-105851171359322\" target=\"_blank\" rel=\"noopener\"><br>\n\t\t\t\t\t\tFacebook-f<br>\n\t\t\t\t\t\t\t\t\t\t\t<\/a><br>\n\t\t\t\t\t<a href=\"https:\/\/www.youtube.com\/watch?v=s1LaUfl3ybk\" target=\"_blank\" rel=\"noopener\"><br>\n\t\t\t\t\t\tYoutube<br>\n\t\t\t\t\t\t\t\t\t\t\t<\/a><\/p>","protected":false},"excerpt":{"rendered":"<p>Cliquez ici Le d\u00e9veloppement des projets \u00e0 impact, les projets de d\u00e9veloppements nos services outils de gestion de projet R\u00e9unions de cadrageD\u00e9finir la strat\u00e9gieAnalyse de l&#8217;environnementBusiness planOutils de suivi-\u00e9valuation d&#8217;activit\u00e9s de projetsManuels de proc\u00e9duresEtudes de cadre r\u00e9glementairesEtudes d&#8217;opportunit\u00e9sEtudes d&#8217;impact Financements \u00e9thiques La microfinance se doit d&#8217;\u00eatre une finance de proximit\u00e9 \u00e0 visage humanisteLa finance participative,&hellip; <a class=\"more-link\" href=\"https:\/\/projetdeveloppement.com\/index.php\/services\/\">Continue reading <span class=\"screen-reader-text\">Nos services<\/span><\/a><\/p>\n","protected":false},"author":1,"featured_media":0,"parent":0,"menu_order":0,"comment_status":"closed","ping_status":"closed","template":"elementor_canvas","meta":{"footnotes":""},"class_list":["post-246","page","type-page","status-publish","hentry","entry"],"yoast_head":"<!-- This site is optimized with the Yoast SEO plugin v17.7.1 - https:\/\/yoast.com\/wordpress\/plugins\/seo\/ -->\n<title>Nos services - G\u00e9rer un projet de d\u00e9veloppement<\/title>\n<meta name=\"robots\" content=\"index, follow, max-snippet:-1, max-image-preview:large, max-video-preview:-1\" \/>\n<link rel=\"canonical\" href=\"https:\/\/projetdeveloppement.com\/index.php\/services\/\" \/>\n<meta property=\"og:locale\" content=\"en_US\" \/>\n<meta property=\"og:type\" content=\"article\" \/>\n<meta property=\"og:title\" content=\"Nos services - G\u00e9rer un projet de d\u00e9veloppement\" \/>\n<meta property=\"og:description\" content=\"Cliquez ici Le d\u00e9veloppement des projets \u00e0 impact, les projets de d\u00e9veloppements nos services outils de gestion de projet R\u00e9unions de cadrageD\u00e9finir la strat\u00e9gieAnalyse de l&#8217;environnementBusiness planOutils de suivi-\u00e9valuation d&#8217;activit\u00e9s de projetsManuels de proc\u00e9duresEtudes de cadre r\u00e9glementairesEtudes d&#8217;opportunit\u00e9sEtudes d&#8217;impact Financements \u00e9thiques La microfinance se doit d&#8217;\u00eatre une finance de proximit\u00e9 \u00e0 visage humanisteLa finance participative,&hellip; Continue reading Nos services\" \/>\n<meta property=\"og:url\" content=\"https:\/\/projetdeveloppement.com\/index.php\/services\/\" \/>\n<meta property=\"og:site_name\" content=\"G\u00e9rer un projet de d\u00e9veloppement\" \/>\n<meta property=\"article:modified_time\" content=\"2022-01-03T13:11:45+00:00\" \/>\n<meta property=\"og:image\" content=\"https:\/\/projetdeveloppement.com\/wp-content\/uploads\/2021\/12\/ServicesPage-Hero.jpg\" \/>\n<meta name=\"twitter:card\" content=\"summary_large_image\" \/>\n<meta name=\"twitter:label1\" content=\"Est. reading time\" \/>\n\t<meta name=\"twitter:data1\" content=\"2 minutes\" \/>\n<script type=\"application\/ld+json\" class=\"yoast-schema-graph\">{\"@context\":\"https:\/\/schema.org\",\"@graph\":[{\"@type\":\"WebSite\",\"@id\":\"https:\/\/projetdeveloppement.com\/#website\",\"url\":\"https:\/\/projetdeveloppement.com\/\",\"name\":\"G\\u00e9rer un projet de d\\u00e9veloppement\",\"description\":\"Nous accompagnons  vos projets de d\\u00e9veloppement communautaire \",\"potentialAction\":[{\"@type\":\"SearchAction\",\"target\":{\"@type\":\"EntryPoint\",\"urlTemplate\":\"https:\/\/projetdeveloppement.com\/?s={search_term_string}\"},\"query-input\":\"required name=search_term_string\"}],\"inLanguage\":\"en-US\"},{\"@type\":\"ImageObject\",\"@id\":\"https:\/\/projetdeveloppement.com\/index.php\/services\/#primaryimage\",\"inLanguage\":\"en-US\",\"url\":\"https:\/\/projetdeveloppement.com\/wp-content\/uploads\/2021\/12\/ServicesPage-Hero.jpg\",\"contentUrl\":\"https:\/\/projetdeveloppement.com\/wp-content\/uploads\/2021\/12\/ServicesPage-Hero.jpg\",\"width\":789,\"height\":485},{\"@type\":\"WebPage\",\"@id\":\"https:\/\/projetdeveloppement.com\/index.php\/services\/#webpage\",\"url\":\"https:\/\/projetdeveloppement.com\/index.php\/services\/\",\"name\":\"Nos services - G\\u00e9rer un projet de d\\u00e9veloppement\",\"isPartOf\":{\"@id\":\"https:\/\/projetdeveloppement.com\/#website\"},\"primaryImageOfPage\":{\"@id\":\"https:\/\/projetdeveloppement.com\/index.php\/services\/#primaryimage\"},\"datePublished\":\"2021-12-10T11:29:25+00:00\",\"dateModified\":\"2022-01-03T13:11:45+00:00\",\"breadcrumb\":{\"@id\":\"https:\/\/projetdeveloppement.com\/index.php\/services\/#breadcrumb\"},\"inLanguage\":\"en-US\",\"potentialAction\":[{\"@type\":\"ReadAction\",\"target\":[\"https:\/\/projetdeveloppement.com\/index.php\/services\/\"]}]},{\"@type\":\"BreadcrumbList\",\"@id\":\"https:\/\/projetdeveloppement.com\/index.php\/services\/#breadcrumb\",\"itemListElement\":[{\"@type\":\"ListItem\",\"position\":1,\"name\":\"Accueil\",\"item\":\"https:\/\/projetdeveloppement.com\/\"},{\"@type\":\"ListItem\",\"position\":2,\"name\":\"Nos services\"}]}]}<\/script>\n<!-- \/ Yoast SEO plugin. -->","yoast_head_json":{"title":"Nos services - G\u00e9rer un projet de d\u00e9veloppement","robots":{"index":"index","follow":"follow","max-snippet":"max-snippet:-1","max-image-preview":"max-image-preview:large","max-video-preview":"max-video-preview:-1"},"canonical":"https:\/\/projetdeveloppement.com\/index.php\/services\/","og_locale":"en_US","og_type":"article","og_title":"Nos services - G\u00e9rer un projet de d\u00e9veloppement","og_description":"Cliquez ici Le d\u00e9veloppement des projets \u00e0 impact, les projets de d\u00e9veloppements nos services outils de gestion de projet R\u00e9unions de cadrageD\u00e9finir la strat\u00e9gieAnalyse de l&#8217;environnementBusiness planOutils de suivi-\u00e9valuation d&#8217;activit\u00e9s de projetsManuels de proc\u00e9duresEtudes de cadre r\u00e9glementairesEtudes d&#8217;opportunit\u00e9sEtudes d&#8217;impact Financements \u00e9thiques La microfinance se doit d&#8217;\u00eatre une finance de proximit\u00e9 \u00e0 visage humanisteLa finance participative,&hellip; Continue reading Nos services","og_url":"https:\/\/projetdeveloppement.com\/index.php\/services\/","og_site_name":"G\u00e9rer un projet de d\u00e9veloppement","article_modified_time":"2022-01-03T13:11:45+00:00","og_image":[{"url":"https:\/\/projetdeveloppement.com\/wp-content\/uploads\/2021\/12\/ServicesPage-Hero.jpg"}],"twitter_card":"summary_large_image","twitter_misc":{"Est. reading time":"2 minutes"},"schema":{"@context":"https:\/\/schema.org","@graph":[{"@type":"WebSite","@id":"https:\/\/projetdeveloppement.com\/#website","url":"https:\/\/projetdeveloppement.com\/","name":"G\u00e9rer un projet de d\u00e9veloppement","description":"Nous accompagnons  vos projets de d\u00e9veloppement communautaire ","potentialAction":[{"@type":"SearchAction","target":{"@type":"EntryPoint","urlTemplate":"https:\/\/projetdeveloppement.com\/?s={search_term_string}"},"query-input":"required name=search_term_string"}],"inLanguage":"en-US"},{"@type":"ImageObject","@id":"https:\/\/projetdeveloppement.com\/index.php\/services\/#primaryimage","inLanguage":"en-US","url":"https:\/\/projetdeveloppement.com\/wp-content\/uploads\/2021\/12\/ServicesPage-Hero.jpg","contentUrl":"https:\/\/projetdeveloppement.com\/wp-content\/uploads\/2021\/12\/ServicesPage-Hero.jpg","width":789,"height":485},{"@type":"WebPage","@id":"https:\/\/projetdeveloppement.com\/index.php\/services\/#webpage","url":"https:\/\/projetdeveloppement.com\/index.php\/services\/","name":"Nos services - G\u00e9rer un projet de d\u00e9veloppement","isPartOf":{"@id":"https:\/\/projetdeveloppement.com\/#website"},"primaryImageOfPage":{"@id":"https:\/\/projetdeveloppement.com\/index.php\/services\/#primaryimage"},"datePublished":"2021-12-10T11:29:25+00:00","dateModified":"2022-01-03T13:11:45+00:00","breadcrumb":{"@id":"https:\/\/projetdeveloppement.com\/index.php\/services\/#breadcrumb"},"inLanguage":"en-US","potentialAction":[{"@type":"ReadAction","target":["https:\/\/projetdeveloppement.com\/index.php\/services\/"]}]},{"@type":"BreadcrumbList","@id":"https:\/\/projetdeveloppement.com\/index.php\/services\/#breadcrumb","itemListElement":[{"@type":"ListItem","position":1,"name":"Accueil","item":"https:\/\/projetdeveloppement.com\/"},{"@type":"ListItem","position":2,"name":"Nos services"}]}]}},"_links":{"self":[{"href":"https:\/\/projetdeveloppement.com\/index.php\/wp-json\/wp\/v2\/pages\/246","targetHints":{"allow":["GET"]}}],"collection":[{"href":"https:\/\/projetdeveloppement.com\/index.php\/wp-json\/wp\/v2\/pages"}],"about":[{"href":"https:\/\/projetdeveloppement.com\/index.php\/wp-json\/wp\/v2\/types\/page"}],"author":[{"embeddable":true,"href":"https:\/\/projetdeveloppement.com\/index.php\/wp-json\/wp\/v2\/users\/1"}],"replies":[{"embeddable":true,"href":"https:\/\/projetdeveloppement.com\/index.php\/wp-json\/wp\/v2\/comments?post=246"}],"version-history":[{"count":51,"href":"https:\/\/projetdeveloppement.com\/index.php\/wp-json\/wp\/v2\/pages\/246\/revisions"}],"predecessor-version":[{"id":507,"href":"https:\/\/projetdeveloppement.com\/index.php\/wp-json\/wp\/v2\/pages\/246\/revisions\/507"}],"wp:attachment":[{"href":"https:\/\/projetdeveloppement.com\/index.php\/wp-json\/wp\/v2\/media?parent=246"}],"curies":[{"name":"wp","href":"https:\/\/api.w.org\/{rel}","templated":true}]}}